{"id":74,"date":"2025-07-15T08:01:25","date_gmt":"2025-07-15T08:01:25","guid":{"rendered":"https:\/\/www.kovacjuraj.com\/?page_id=74"},"modified":"2025-12-04T14:35:08","modified_gmt":"2025-12-04T14:35:08","slug":"home","status":"publish","type":"page","link":"https:\/\/www.kovacjuraj.com\/","title":{"rendered":"Home"},"content":{"rendered":"\t\t<div data-elementor-type=\"wp-page\" data-elementor-id=\"74\" class=\"elementor elementor-74\" data-elementor-post-type=\"page\">\n\t\t\t\t<div class=\"elementor-element elementor-element-3034535b e-con-full e-flex e-con e-parent\" data-id=\"3034535b\" data-element_type=\"container\">\n\t\t<div class=\"elementor-element elementor-element-6a263b30 e-con-full e-flex e-con e-child\" data-id=\"6a263b30\" data-element_type=\"container\">\n\t\t\t\t<div class=\"elementor-element elementor-element-39b4cc8f elementor-widget elementor-widget-heading\" data-id=\"39b4cc8f\" data-element_type=\"widget\" data-widget_type=\"heading.default\">\n\t\t\t\t\t<h2 class=\"elementor-heading-title elementor-size-default\">Juraj Kov\u00e1\u010d<\/h2>\t\t\t\t<\/div>\n\t\t\t\t<div class=\"elementor-element elementor-element-2ef045f7 elementor-widget elementor-widget-heading\" data-id=\"2ef045f7\" data-element_type=\"widget\" data-widget_type=\"heading.default\">\n\t\t\t\t\t<h5 class=\"elementor-heading-title elementor-size-default\">Finan\u010dn\u00ed poradce<\/h5>\t\t\t\t<\/div>\n\t\t\t\t<div class=\"elementor-element elementor-element-6cca1cbf elementor-widget__width-initial elementor-widget elementor-widget-text-editor\" data-id=\"6cca1cbf\" data-element_type=\"widget\" data-widget_type=\"text-editor.default\">\n\t\t\t\t\t\t\t\t\t<p>V \u017eivot\u011b \u010dasto \u0159e\u0161\u00edme zdrav\u00ed, vztahy, pr\u00e1ci. Pen\u00edze b\u00fdvaj\u00ed na vedlej\u0161\u00ed koleji \u2013 dokud neza\u010dnou chyb\u011bt, nebo neud\u011bl\u00e1me rozhodnut\u00ed, kter\u00e9 n\u00e1s stoj\u00ed \u010das, klid a n\u011bkdy i sny.<br data-start=\"643\" data-end=\"646\" \/>Pom\u00e1h\u00e1m lidem m\u00edt ve financ\u00edch po\u0159\u00e1dek, pl\u00e1n a jistotu. Aby si mohli plnit sv\u00e9 c\u00edle bez zbyte\u010dn\u00fdch chyb a stresu.<\/p>\t\t\t\t\t\t\t\t<\/div>\n\t\t\t\t<\/div>\n\t\t<div class=\"elementor-element elementor-element-5b47e6ab e-con-full e-flex e-con e-child\" data-id=\"5b47e6ab\" data-element_type=\"container\">\n\t\t\t\t<div class=\"elementor-element elementor-element-6823c67 elementor-view-default elementor-widget elementor-widget-icon\" data-id=\"6823c67\" data-element_type=\"widget\" data-widget_type=\"icon.default\">\n\t\t\t\t\t\t\t<div class=\"elementor-icon-wrapper\">\n\t\t\t<div class=\"elementor-icon\">\n\t\t\t<svg aria-hidden=\"true\" class=\"e-font-icon-svg e-fas-exclamation-triangle\" viewBox=\"0 0 576 512\" xmlns=\"http:\/\/www.w3.org\/2000\/svg\"><path d=\"M569.517 440.013C587.975 472.007 564.806 512 527.94 512H48.054c-36.937 0-59.999-40.055-41.577-71.987L246.423 23.985c18.467-32.009 64.72-31.951 83.154 0l239.94 416.028zM288 354c-25.405 0-46 20.595-46 46s20.595 46 46 46 46-20.595 46-46-20.595-46-46-46zm-43.673-165.346l7.418 136c.347 6.364 5.609 11.346 11.982 11.346h48.546c6.373 0 11.635-4.982 11.982-11.346l7.418-136c.375-6.874-5.098-12.654-11.982-12.654h-63.383c-6.884 0-12.356 5.78-11.981 12.654z\"><\/path><\/svg>\t\t\t<\/div>\n\t\t<\/div>\n\t\t\t\t\t\t<\/div>\n\t\t\t\t<div class=\"elementor-element elementor-element-c59f47e elementor-widget elementor-widget-heading\" data-id=\"c59f47e\" data-element_type=\"widget\" data-widget_type=\"heading.default\">\n\t\t\t\t\t<h5 class=\"elementor-heading-title elementor-size-default\">Na str\u00e1nk\u00e1ch pracujeme<\/h5>\t\t\t\t<\/div>\n\t\t\t\t<\/div>\n\t\t\t\t<\/div>\n\t\t<div class=\"elementor-element elementor-element-a661792 e-flex e-con-boxed e-con e-parent\" data-id=\"a661792\" data-element_type=\"container\">\n\t\t\t\t\t<div class=\"e-con-inner\">\n\t\t\t\t<div class=\"elementor-element elementor-element-d166210 elementor-widget elementor-widget-spacer\" data-id=\"d166210\" data-element_type=\"widget\" data-widget_type=\"spacer.default\">\n\t\t\t\t\t\t\t<div class=\"elementor-spacer\">\n\t\t\t<div class=\"elementor-spacer-inner\"><\/div>\n\t\t<\/div>\n\t\t\t\t\t\t<\/div>\n\t\t\t\t<div class=\"elementor-element elementor-element-b880125 elementor-widget elementor-widget-text-editor\" data-id=\"b880125\" data-element_type=\"widget\" data-widget_type=\"text-editor.default\">\n\t\t\t\t\t\t\t\t\t<p><strong>Ne\u010dekejte na \u201eide\u00e1ln\u00ed chv\u00edli\u201c, kdy se o sv\u00e9 finance za\u010dnete starat.<\/strong><\/p><p><strong>Ta chv\u00edle je pr\u00e1v\u011b te\u010f \u2013 a ud\u011blat prvn\u00ed krok m\u016f\u017ee b\u00fdt jednodu\u0161\u0161\u00ed, ne\u017e si mysl\u00edte.<\/strong><\/p>\t\t\t\t\t\t\t\t<\/div>\n\t\t\t\t<div class=\"elementor-element elementor-element-67f9bec elementor-widget elementor-widget-spacer\" data-id=\"67f9bec\" data-element_type=\"widget\" data-widget_type=\"spacer.default\">\n\t\t\t\t\t\t\t<div class=\"elementor-spacer\">\n\t\t\t<div class=\"elementor-spacer-inner\"><\/div>\n\t\t<\/div>\n\t\t\t\t\t\t<\/div>\n\t\t\t\t\t<\/div>\n\t\t\t\t<\/div>\n\t\t<div class=\"elementor-element elementor-element-466e6448 e-con-full e-flex e-con e-parent\" data-id=\"466e6448\" data-element_type=\"container\" data-settings=\"{&quot;background_background&quot;:&quot;classic&quot;}\">\n\t\t<div class=\"elementor-element elementor-element-64baf2cb e-con-full e-flex e-con e-child\" data-id=\"64baf2cb\" data-element_type=\"container\">\n\t\t\t\t<div class=\"elementor-element elementor-element-439cd7c4 elementor-widget elementor-widget-heading\" data-id=\"439cd7c4\" data-element_type=\"widget\" data-widget_type=\"heading.default\">\n\t\t\t\t\t<h4 class=\"elementor-heading-title elementor-size-default\">Nev\u00e1hejte m\u011b kontaktovat<\/h4>\t\t\t\t<\/div>\n\t\t\t\t<div class=\"elementor-element elementor-element-8916bc2 elementor-widget elementor-widget-text-editor\" data-id=\"8916bc2\" data-element_type=\"widget\" data-widget_type=\"text-editor.default\">\n\t\t\t\t\t\t\t\t\t<p>A\u0165 u\u017e jste odkudkoli, prvn\u00ed sch\u016fzku zvl\u00e1dneme online i osobn\u011b.<\/p>\t\t\t\t\t\t\t\t<\/div>\n\t\t\t\t<div class=\"elementor-element elementor-element-517ce05 elementor-widget elementor-widget-html\" data-id=\"517ce05\" data-element_type=\"widget\" data-widget_type=\"html.default\">\n\t\t\t\t\t<!-- Google Calendar Appointment Scheduling begin -->\n<link href=\"https:\/\/calendar.google.com\/calendar\/scheduling-button-script.css\" rel=\"stylesheet\">\n<script src=\"https:\/\/calendar.google.com\/calendar\/scheduling-button-script.js\" async><\/script>\n<script>\n(function() {\n  var target = document.currentScript;\n  window.addEventListener('load', function() {\n    calendar.schedulingButton.load({\n      url: 'https:\/\/calendar.google.com\/calendar\/appointments\/schedules\/AcZssZ2rlGnuVH0GV-oo7w9rYyL3z58Q9C8bKtfF2m-H12A6Bq7mlOhyhY50iqwTsSBPX9iXfd73NzRw?gv=true',\n      color: '#172858',\n      label: 'Rezervovat si sch\u016fzku',\n      target,\n    });\n  });\n})();\n<\/script>\n<!-- end Google Calendar Appointment Scheduling -->\t\t\t\t<\/div>\n\t\t\t\t<div class=\"elementor-element elementor-element-0516d09 elementor-widget elementor-widget-text-editor\" data-id=\"0516d09\" data-element_type=\"widget\" data-widget_type=\"text-editor.default\">\n\t\t\t\t\t\t\t\t\t<p>P\u0159\u00edpadn\u011b volejte na telefonn\u00ed \u010d\u00edslo: +420 776 362 890<\/p>\t\t\t\t\t\t\t\t<\/div>\n\t\t\t\t<\/div>\n\t\t\t\t<\/div>\n\t\t<div class=\"elementor-element elementor-element-a9076ca e-flex e-con-boxed e-con e-parent\" data-id=\"a9076ca\" data-element_type=\"container\" data-settings=\"{&quot;background_background&quot;:&quot;classic&quot;}\">\n\t\t\t\t\t<div class=\"e-con-inner\">\n\t\t\t\t<div class=\"elementor-element elementor-element-4a29d37 elementor-widget elementor-widget-spacer\" data-id=\"4a29d37\" data-element_type=\"widget\" data-widget_type=\"spacer.default\">\n\t\t\t\t\t\t\t<div class=\"elementor-spacer\">\n\t\t\t<div class=\"elementor-spacer-inner\"><\/div>\n\t\t<\/div>\n\t\t\t\t\t\t<\/div>\n\t\t\t\t<div class=\"elementor-element elementor-element-d568950 elementor-widget elementor-widget-text-editor\" data-id=\"d568950\" data-element_type=\"widget\" data-widget_type=\"text-editor.default\">\n\t\t\t\t\t\t\t\t\t<p><strong>M\u00fdm c\u00edlem nen\u00ed jednor\u00e1zov\u00fd obchod, ale dlouhodob\u00fd vztah zalo\u017een\u00fd na d\u016fv\u011b\u0159e. <\/strong><strong>Kdy\u017e v\u00edte, \u017ee se m\u00e1te na koho obr\u00e1tit, \u0159e\u0161\u00ed se finance mnohem klidn\u011bji.<\/strong><\/p>\t\t\t\t\t\t\t\t<\/div>\n\t\t\t\t\t<\/div>\n\t\t\t\t<\/div>\n\t\t<div class=\"elementor-element elementor-element-e8536ac e-con-full e-flex e-con e-parent\" data-id=\"e8536ac\" data-element_type=\"container\" data-settings=\"{&quot;background_background&quot;:&quot;classic&quot;}\">\n\t\t<div class=\"elementor-element elementor-element-33e8280 e-con-full e-flex e-con e-child\" data-id=\"33e8280\" data-element_type=\"container\">\n\t\t\t\t<div class=\"elementor-element elementor-element-6ffc2e6 elementor-widget elementor-widget-heading\" data-id=\"6ffc2e6\" data-element_type=\"widget\" data-widget_type=\"heading.default\">\n\t\t\t\t\t<h2 class=\"elementor-heading-title elementor-size-default\">S \u010d\u00edm v\u00e1m pomohu<\/h2>\t\t\t\t<\/div>\n\t\t\t\t<div class=\"elementor-element elementor-element-ece0854 elementor-widget elementor-widget-text-editor\" data-id=\"ece0854\" data-element_type=\"widget\" data-widget_type=\"text-editor.default\">\n\t\t\t\t\t\t\t\t\t<div class=\"elementor-element elementor-element-78f3525 e-con-full e-flex e-con e-child\" data-id=\"78f3525\" data-element_type=\"container\"><div class=\"elementor-element elementor-element-fc5d994 elementor-widget elementor-widget-text-editor\" data-id=\"fc5d994\" data-element_type=\"widget\" data-widget_type=\"text-editor.default\"><p data-start=\"1786\" data-end=\"2103\">V\u011bt\u0161ina lid\u00ed nem\u00e1 \u017e\u00e1dn\u00fd konkr\u00e9tn\u00ed finan\u010dn\u00ed pl\u00e1n. Rozhoduj\u00ed se nahodile \u2013 podle toho, co jim kdo nab\u00eddne, co zahl\u00e9dnou v reklam\u011b, nebo co d\u011blaj\u00ed jejich zn\u00e1m\u00ed.<br data-start=\"1943\" data-end=\"1946\" \/>Jen\u017ee takov\u00fd p\u0159\u00edstup m\u016f\u017ee b\u00fdt nebezpe\u010dn\u00fd.<br data-start=\"1987\" data-end=\"1990\" \/>Je to jako dort pejska a ko\u010di\u010dky \u2013 sm\u011bsice dobr\u00fdch surovin, ale bez po\u0159\u00e1dn\u00e9ho receptu a bez o\u010dek\u00e1van\u00e9ho v\u00fdsledku.<\/p><p data-start=\"1786\" data-end=\"2103\"><strong data-start=\"2105\" data-end=\"2152\">Spole\u010dn\u011b d\u00e1me va\u0161im financ\u00edm syst\u00e9m a sm\u011br.<\/strong><br data-start=\"2152\" data-end=\"2155\" \/>To znamen\u00e1, \u017ee za\u010dneme u va\u0161ich c\u00edl\u016f a \u017eivotn\u00ed situace \u2013 a podle toho navrhneme konkr\u00e9tn\u00ed kroky.<\/p><\/div><\/div>\t\t\t\t\t\t\t\t<\/div>\n\t\t\t\t<\/div>\n\t\t<div class=\"elementor-element elementor-element-e65c0b1 e-con-full e-flex e-con e-child\" data-id=\"e65c0b1\" data-element_type=\"container\">\n\t\t\t\t<div class=\"elementor-element elementor-element-bb4b80e elementor-widget elementor-widget-text-editor\" data-id=\"bb4b80e\" data-element_type=\"widget\" data-widget_type=\"text-editor.default\">\n\t\t\t\t\t\t\t\t\t<div class=\"elementor-element elementor-element-78f3525 e-con-full e-flex e-con e-child\" data-id=\"78f3525\" data-element_type=\"container\"><div class=\"elementor-element elementor-element-fc5d994 elementor-widget elementor-widget-text-editor\" data-id=\"fc5d994\" data-element_type=\"widget\" data-widget_type=\"text-editor.default\"><ul data-start=\"2276\" data-end=\"2774\"><li data-start=\"2276\" data-end=\"2350\"><p data-start=\"2278\" data-end=\"2350\"><strong data-start=\"2278\" data-end=\"2300\">Finan\u010dn\u00ed pl\u00e1nov\u00e1n\u00ed<\/strong> \u2013 z\u00e1klady, rezerva, cashflow, nastaven\u00ed priorit<\/p><\/li><li data-start=\"2351\" data-end=\"2432\"><p data-start=\"2353\" data-end=\"2432\"><strong data-start=\"2353\" data-end=\"2366\">Investice<\/strong> \u2013 pravideln\u00e9 i jednor\u00e1zov\u00e9, podle va\u0161ich c\u00edl\u016f a vztahu k riziku<\/p><\/li><li data-start=\"2433\" data-end=\"2521\"><p data-start=\"2435\" data-end=\"2521\"><strong data-start=\"2435\" data-end=\"2448\">Poji\u0161t\u011bn\u00ed<\/strong> \u2013 osobn\u00ed, rodinn\u00e9 i majetkov\u00e9 (\u00fa\u010deln\u011b, srozumiteln\u011b, bez p\u0159epoji\u0161t\u011bn\u00ed)<\/p><\/li><li data-start=\"2522\" data-end=\"2597\"><p data-start=\"2524\" data-end=\"2597\"><strong data-start=\"2524\" data-end=\"2536\">Hypot\u00e9ky<\/strong> \u2013 v\u00fdb\u011br a vy\u0159\u00edzen\u00ed, v\u010detn\u011b propo\u010dt\u016f a dlouhodob\u00e9 strategie<\/p><\/li><li data-start=\"2598\" data-end=\"2689\"><p data-start=\"2600\" data-end=\"2689\"><strong data-start=\"2600\" data-end=\"2623\">D\u016fchod a budoucnost<\/strong> \u2013 vytvo\u0159en\u00ed strategie pro va\u0161i dlouhodobou finan\u010dn\u00ed nez\u00e1vislost<\/p><\/li><li data-start=\"2690\" data-end=\"2774\"><p data-start=\"2692\" data-end=\"2774\"><strong data-start=\"2692\" data-end=\"2723\">Servis a dlouhodob\u00e1 podpora<\/strong> \u2013 pravideln\u00e1 p\u00e9\u010de a p\u0159ehled, ne jednor\u00e1zov\u00e9 \u0159e\u0161en\u00ed<\/p><\/li><\/ul><\/div><\/div>\t\t\t\t\t\t\t\t<\/div>\n\t\t\t\t<\/div>\n\t\t\t\t<\/div>\n\t\t<div class=\"elementor-element elementor-element-9af3777 e-flex e-con-boxed e-con e-parent\" data-id=\"9af3777\" data-element_type=\"container\">\n\t\t\t\t\t<div class=\"e-con-inner\">\n\t\t\t\t<div class=\"elementor-element elementor-element-229d60c elementor-widget elementor-widget-spacer\" data-id=\"229d60c\" data-element_type=\"widget\" data-widget_type=\"spacer.default\">\n\t\t\t\t\t\t\t<div class=\"elementor-spacer\">\n\t\t\t<div class=\"elementor-spacer-inner\"><\/div>\n\t\t<\/div>\n\t\t\t\t\t\t<\/div>\n\t\t\t\t<div class=\"elementor-element elementor-element-bd6c5fc elementor-widget elementor-widget-text-editor\" data-id=\"bd6c5fc\" data-element_type=\"widget\" data-widget_type=\"text-editor.default\">\n\t\t\t\t\t\t\t\t\t<p><strong>Ne\u0159e\u0161it finance dnes znamen\u00e1 zaplatit za to z\u00edtra \u2013 \u010dasem, nervy nebo pen\u011bzi.<\/strong><\/p><p><strong>Moj\u00ed prac\u00ed je uk\u00e1zat v\u00e1m cestu, d\u00edky kter\u00e9 budete m\u00edt jasno, p\u0159ehled a klid.<\/strong><\/p><p><strong>A pak se sami rozhodnete, jestli do toho p\u016fjdeme spolu.<\/strong><\/p>\t\t\t\t\t\t\t\t<\/div>\n\t\t\t\t<div class=\"elementor-element elementor-element-38e4c87 elementor-widget elementor-widget-spacer\" data-id=\"38e4c87\" data-element_type=\"widget\" data-widget_type=\"spacer.default\">\n\t\t\t\t\t\t\t<div class=\"elementor-spacer\">\n\t\t\t<div class=\"elementor-spacer-inner\"><\/div>\n\t\t<\/div>\n\t\t\t\t\t\t<\/div>\n\t\t\t\t\t<\/div>\n\t\t\t\t<\/div>\n\t\t<div class=\"elementor-element elementor-element-10ab63b e-con-full e-flex e-con e-parent\" data-id=\"10ab63b\" data-element_type=\"container\" data-settings=\"{&quot;background_background&quot;:&quot;classic&quot;}\">\n\t\t\t\t<div class=\"elementor-element elementor-element-7a079370 elementor-widget elementor-widget-heading\" data-id=\"7a079370\" data-element_type=\"widget\" data-widget_type=\"heading.default\">\n\t\t\t\t\t<h2 class=\"elementor-heading-title elementor-size-default\">Jak spolupr\u00e1ce prob\u00edh\u00e1<\/h2>\t\t\t\t<\/div>\n\t\t<div class=\"elementor-element elementor-element-15da63c3 e-con-full e-flex e-con e-child\" data-id=\"15da63c3\" data-element_type=\"container\">\n\t\t<div class=\"elementor-element elementor-element-6430556 e-grid e-con-full e-con e-child\" data-id=\"6430556\" data-element_type=\"container\">\n\t\t\t\t<div class=\"elementor-element elementor-element-4788467 elementor-view-default elementor-position-top elementor-mobile-position-top elementor-widget elementor-widget-icon-box\" data-id=\"4788467\" data-element_type=\"widget\" data-widget_type=\"icon-box.default\">\n\t\t\t\t\t\t\t<div class=\"elementor-icon-box-wrapper\">\n\n\t\t\t\t\t\t<div class=\"elementor-icon-box-icon\">\n\t\t\t\t<span  class=\"elementor-icon\">\n\t\t\t\t<svg aria-hidden=\"true\" class=\"e-font-icon-svg e-far-eye\" viewBox=\"0 0 576 512\" xmlns=\"http:\/\/www.w3.org\/2000\/svg\"><path d=\"M288 144a110.94 110.94 0 0 0-31.24 5 55.4 55.4 0 0 1 7.24 27 56 56 0 0 1-56 56 55.4 55.4 0 0 1-27-7.24A111.71 111.71 0 1 0 288 144zm284.52 97.4C518.29 135.59 410.93 64 288 64S57.68 135.64 3.48 241.41a32.35 32.35 0 0 0 0 29.19C57.71 376.41 165.07 448 288 448s230.32-71.64 284.52-177.41a32.35 32.35 0 0 0 0-29.19zM288 400c-98.65 0-189.09-55-237.93-144C98.91 167 189.34 112 288 112s189.09 55 237.93 144C477.1 345 386.66 400 288 400z\"><\/path><\/svg>\t\t\t\t<\/span>\n\t\t\t<\/div>\n\t\t\t\n\t\t\t\t\t\t<div class=\"elementor-icon-box-content\">\n\n\t\t\t\t\t\t\t\t\t<h3 class=\"elementor-icon-box-title\">\n\t\t\t\t\t\t<span  >\n\t\t\t\t\t\t\tAnal\u00fdza\t\t\t\t\t\t<\/span>\n\t\t\t\t\t<\/h3>\n\t\t\t\t\n\t\t\t\t\t\t\t\t\t<p class=\"elementor-icon-box-description\">\n\t\t\t\t\t\tNejd\u0159\u00edv si ud\u011bl\u00e1me p\u0159ehled. Zjist\u00edm, jak na tom opravdu jste \u2013 p\u0159\u00edjmy, v\u00fddaje, z\u00e1vazky, rezervy, pojistky, investice\u2026 v\u0161e, co m\u00e1 smysl.\nZ\u00e1rove\u0148 se ale navz\u00e1jem pozn\u00e1me. Poradenstv\u00ed je o d\u016fv\u011b\u0159e a spolupr\u00e1ci \u2013 a ta funguje jen tehdy, kdy\u017e si lidsky sedneme.\nV klidu si \u0159ekneme, co v\u00e1s tr\u00e1p\u00ed, co \u0159e\u0161\u00edte, jak\u00e9 m\u00e1te c\u00edle a o\u010dek\u00e1v\u00e1n\u00ed.\t\t\t\t\t<\/p>\n\t\t\t\t\n\t\t\t<\/div>\n\t\t\t\n\t\t<\/div>\n\t\t\t\t\t\t<\/div>\n\t\t\t\t<div class=\"elementor-element elementor-element-bef643b elementor-view-default elementor-position-top elementor-mobile-position-top elementor-widget elementor-widget-icon-box\" data-id=\"bef643b\" data-element_type=\"widget\" data-widget_type=\"icon-box.default\">\n\t\t\t\t\t\t\t<div class=\"elementor-icon-box-wrapper\">\n\n\t\t\t\t\t\t<div class=\"elementor-icon-box-icon\">\n\t\t\t\t<span  class=\"elementor-icon\">\n\t\t\t\t<svg aria-hidden=\"true\" class=\"e-font-icon-svg e-fab-readme\" viewBox=\"0 0 576 512\" xmlns=\"http:\/\/www.w3.org\/2000\/svg\"><path d=\"M528.3 46.5H388.5c-48.1 0-89.9 33.3-100.4 80.3-10.6-47-52.3-80.3-100.4-80.3H48c-26.5 0-48 21.5-48 48v245.8c0 26.5 21.5 48 48 48h89.7c102.2 0 132.7 24.4 147.3 75 .7 2.8 5.2 2.8 6 0 14.7-50.6 45.2-75 147.3-75H528c26.5 0 48-21.5 48-48V94.6c0-26.4-21.3-47.9-47.7-48.1zM242 311.9c0 1.9-1.5 3.5-3.5 3.5H78.2c-1.9 0-3.5-1.5-3.5-3.5V289c0-1.9 1.5-3.5 3.5-3.5h160.4c1.9 0 3.5 1.5 3.5 3.5v22.9zm0-60.9c0 1.9-1.5 3.5-3.5 3.5H78.2c-1.9 0-3.5-1.5-3.5-3.5v-22.9c0-1.9 1.5-3.5 3.5-3.5h160.4c1.9 0 3.5 1.5 3.5 3.5V251zm0-60.9c0 1.9-1.5 3.5-3.5 3.5H78.2c-1.9 0-3.5-1.5-3.5-3.5v-22.9c0-1.9 1.5-3.5 3.5-3.5h160.4c1.9 0 3.5 1.5 3.5 3.5v22.9zm259.3 121.7c0 1.9-1.5 3.5-3.5 3.5H337.5c-1.9 0-3.5-1.5-3.5-3.5v-22.9c0-1.9 1.5-3.5 3.5-3.5h160.4c1.9 0 3.5 1.5 3.5 3.5v22.9zm0-60.9c0 1.9-1.5 3.5-3.5 3.5H337.5c-1.9 0-3.5-1.5-3.5-3.5V228c0-1.9 1.5-3.5 3.5-3.5h160.4c1.9 0 3.5 1.5 3.5 3.5v22.9zm0-60.9c0 1.9-1.5 3.5-3.5 3.5H337.5c-1.9 0-3.5-1.5-3.5-3.5v-22.8c0-1.9 1.5-3.5 3.5-3.5h160.4c1.9 0 3.5 1.5 3.5 3.5V190z\"><\/path><\/svg>\t\t\t\t<\/span>\n\t\t\t<\/div>\n\t\t\t\n\t\t\t\t\t\t<div class=\"elementor-icon-box-content\">\n\n\t\t\t\t\t\t\t\t\t<h3 class=\"elementor-icon-box-title\">\n\t\t\t\t\t\t<span  >\n\t\t\t\t\t\t\tPoradenstv\u00ed\t\t\t\t\t\t<\/span>\n\t\t\t\t\t<\/h3>\n\t\t\t\t\n\t\t\t\t\t\t\t\t\t<p class=\"elementor-icon-box-description\">\n\t\t\t\t\t\tNa z\u00e1klad\u011b anal\u00fdzy sestav\u00edm konkr\u00e9tn\u00ed n\u00e1vrh \u2013 ucelen\u00fd finan\u010dn\u00ed pl\u00e1n na m\u00edru va\u0161\u00ed situaci.\nUk\u00e1\u017eu v\u00e1m siln\u00e1 i slab\u00e1 m\u00edsta a navrhnu, jak s t\u00edm nalo\u017eit. Bez n\u00e1tlaku, bez zbyte\u010dn\u00fdch produkt\u016f. Jen to, co v\u00e1m skute\u010dn\u011b d\u00e1v\u00e1 smysl.\t\t\t\t\t<\/p>\n\t\t\t\t\n\t\t\t<\/div>\n\t\t\t\n\t\t<\/div>\n\t\t\t\t\t\t<\/div>\n\t\t\t\t<div class=\"elementor-element elementor-element-4ce700a elementor-view-default elementor-position-top elementor-mobile-position-top elementor-widget elementor-widget-icon-box\" data-id=\"4ce700a\" data-element_type=\"widget\" data-widget_type=\"icon-box.default\">\n\t\t\t\t\t\t\t<div class=\"elementor-icon-box-wrapper\">\n\n\t\t\t\t\t\t<div class=\"elementor-icon-box-icon\">\n\t\t\t\t<span  class=\"elementor-icon\">\n\t\t\t\t<svg aria-hidden=\"true\" class=\"e-font-icon-svg e-fas-balance-scale\" viewBox=\"0 0 640 512\" xmlns=\"http:\/\/www.w3.org\/2000\/svg\"><path d=\"M256 336h-.02c0-16.18 1.34-8.73-85.05-181.51-17.65-35.29-68.19-35.36-85.87 0C-2.06 328.75.02 320.33.02 336H0c0 44.18 57.31 80 128 80s128-35.82 128-80zM128 176l72 144H56l72-144zm511.98 160c0-16.18 1.34-8.73-85.05-181.51-17.65-35.29-68.19-35.36-85.87 0-87.12 174.26-85.04 165.84-85.04 181.51H384c0 44.18 57.31 80 128 80s128-35.82 128-80h-.02zM440 320l72-144 72 144H440zm88 128H352V153.25c23.51-10.29 41.16-31.48 46.39-57.25H528c8.84 0 16-7.16 16-16V48c0-8.84-7.16-16-16-16H383.64C369.04 12.68 346.09 0 320 0s-49.04 12.68-63.64 32H112c-8.84 0-16 7.16-16 16v32c0 8.84 7.16 16 16 16h129.61c5.23 25.76 22.87 46.96 46.39 57.25V448H112c-8.84 0-16 7.16-16 16v32c0 8.84 7.16 16 16 16h416c8.84 0 16-7.16 16-16v-32c0-8.84-7.16-16-16-16z\"><\/path><\/svg>\t\t\t\t<\/span>\n\t\t\t<\/div>\n\t\t\t\n\t\t\t\t\t\t<div class=\"elementor-icon-box-content\">\n\n\t\t\t\t\t\t\t\t\t<h3 class=\"elementor-icon-box-title\">\n\t\t\t\t\t\t<span  >\n\t\t\t\t\t\t\tServis\t\t\t\t\t\t<\/span>\n\t\t\t\t\t<\/h3>\n\t\t\t\t\n\t\t\t\t\t\t\t\t\t<p class=\"elementor-icon-box-description\">\n\t\t\t\t\t\tFinance nejsou jednor\u00e1zov\u00e1 z\u00e1le\u017eitost. V \u017eivot\u011b se m\u011bn\u00ed priority, p\u0159\u00edjmy i c\u00edle \u2013 a s nimi i pl\u00e1n.\nProto nab\u00edz\u00edm pr\u016fb\u011b\u017en\u00fd servis, aktualizaci strategie a podporu, kdykoliv ji budete pot\u0159ebovat.\nJsem partner, na kter\u00e9ho se m\u016f\u017eete dlouhodob\u011b spolehnout.\t\t\t\t\t<\/p>\n\t\t\t\t\n\t\t\t<\/div>\n\t\t\t\n\t\t<\/div>\n\t\t\t\t\t\t<\/div>\n\t\t\t\t<\/div>\n\t\t\t\t<\/div>\n\t\t\t\t<\/div>\n\t\t\t\t<\/div>\n\t\t","protected":false},"excerpt":{"rendered":"<p>Juraj Kov\u00e1\u010d Finan\u010dn\u00ed poradce V \u017eivot\u011b \u010dasto \u0159e\u0161\u00edme zdrav\u00ed, vztahy, pr\u00e1ci. Pen\u00edze b\u00fdvaj\u00ed na vedlej\u0161\u00ed koleji \u2013 dokud neza\u010dnou chyb\u011bt, nebo neud\u011bl\u00e1me rozhodnut\u00ed, kter\u00e9 n\u00e1s stoj\u00ed \u010das, klid a n\u011bkdy i sny.Pom\u00e1h\u00e1m lidem m\u00edt ve financ\u00edch po\u0159\u00e1dek, pl\u00e1n a jistotu. Aby si mohli plnit sv\u00e9 c\u00edle bez zbyte\u010dn\u00fdch chyb a stresu. Na str\u00e1nk\u00e1ch pracujeme Ne\u010dekejte [&hellip;]<\/p>\n","protected":false},"author":1,"featured_media":0,"parent":0,"menu_order":0,"comment_status":"closed","ping_status":"closed","template":"elementor_header_footer","meta":{"footnotes":""},"class_list":["post-74","page","type-page","status-publish","hentry"],"_links":{"self":[{"href":"https:\/\/www.kovacjuraj.com\/index.php?rest_route=\/wp\/v2\/pages\/74","targetHints":{"allow":["GET"]}}],"collection":[{"href":"https:\/\/www.kovacjuraj.com\/index.php?rest_route=\/wp\/v2\/pages"}],"about":[{"href":"https:\/\/www.kovacjuraj.com\/index.php?rest_route=\/wp\/v2\/types\/page"}],"author":[{"embeddable":true,"href":"https:\/\/www.kovacjuraj.com\/index.php?rest_route=\/wp\/v2\/users\/1"}],"replies":[{"embeddable":true,"href":"https:\/\/www.kovacjuraj.com\/index.php?rest_route=%2Fwp%2Fv2%2Fcomments&post=74"}],"version-history":[{"count":31,"href":"https:\/\/www.kovacjuraj.com\/index.php?rest_route=\/wp\/v2\/pages\/74\/revisions"}],"predecessor-version":[{"id":169,"href":"https:\/\/www.kovacjuraj.com\/index.php?rest_route=\/wp\/v2\/pages\/74\/revisions\/169"}],"wp:attachment":[{"href":"https:\/\/www.kovacjuraj.com\/index.php?rest_route=%2Fwp%2Fv2%2Fmedia&parent=74"}],"curies":[{"name":"wp","href":"https:\/\/api.w.org\/{rel}","templated":true}]}}